{"id":109,"date":"2025-01-31T11:06:21","date_gmt":"2025-01-31T10:06:21","guid":{"rendered":"https:\/\/www.demenz-myk.de\/?page_id=109"},"modified":"2025-03-04T14:11:02","modified_gmt":"2025-03-04T13:11:02","slug":"links","status":"publish","type":"page","link":"https:\/\/www.demenz-myk.de\/index.php\/links\/","title":{"rendered":"Links"},"content":{"rendered":"<section class=\"bde-section-109-100 bde-section\">\n  \n  \n\t\n\n\n\n<div class=\"section-container\"><h2 class=\"bde-heading-109-106 bde-heading\">\nWeiterf\u00fchrende Links\n<\/h2><div class=\"bde-columns-109-101 bde-columns\"><div class=\"bde-column-109-102 bde-column\">\n  \n  \n\t\n\n\n\n<div class=\"bde-rich-text-109-107 bde-rich-text breakdance-rich-text-styles\">\n<p><strong><br \/><span style=\"color: #000080;\">Demenz-Netzwerke in der Nachbarschaft<\/span><br \/><\/strong><br \/><a href=\"http:\/\/demenz-rhein-lahn.de\/\" target=\"_blank\" rel=\"noopener\">https:\/\/www.demenz-rhein-lahn.de<br \/><\/a>Internetseite vom Netzwerk Demenz Rhein-Lahn-Kreis.<br \/><br \/><a href=\"https:\/\/demenz-koblenz.de\/\" target=\"_blank\" rel=\"noopener\">https:\/\/demenz-koblenz.de\/<\/a><br \/>Internetseite vom Netzwerk Demenz Koblenz.<br \/><br \/><a href=\"https:\/\/www.demenz-vulkaneifel.de\/\">https:\/\/www.demenz-vulkaneifel.de\/<\/a><br \/>Internetseite vom Netzwerk Demenz Vulkaneifel.<br \/><br \/><span style=\"color: #000080;\"><strong><br \/>Alzheimergesellschaften<\/strong><\/span><a href=\"http:\/\/www.alzheimer-europe.org\/\"><br \/><br \/><\/a><a href=\"http:\/\/www.alzheimer-europe.org\/\" target=\"_blank\" rel=\"noopener\">https:\/\/www.alzheimer-europe.org<\/a><br \/>Internetseite der Alzheimergesellschaft Europa.<br \/><br \/><a href=\"http:\/\/www.alzheimer-gesellschaft-rhpf.de\/\" target=\"_blank\" rel=\"noopener\">https:\/\/www.alzheimer-gesellschaft-rhpf.de<\/a><br \/>Internetseite der Alzheimergesellschaft Rheinland-Pfalz e.V.<br \/><br \/><a href=\"http:\/\/www.alzheimer-n-rlp.de\/\" target=\"_blank\" rel=\"noopener\">https:\/\/www.alzheimer-n-rlp.de<\/a><br \/>Internetseite der Alzheimergesellschaft n\u00f6rdliches Rheinland-Pfalz e.V.<br \/><br \/><a href=\"http:\/\/www.deutsche-alzheimer.de\/\" target=\"_blank\" rel=\"noopener\">https:\/\/www.deutsche-alzheimer.de<\/a><br \/>Internetseite der Deutschen Alzheimer Gesellschaft e.V.<br \/><br \/><strong><br \/><span style=\"color: #000080;\">Weitere, interessante Seiten zum Thema Demenz<\/span><\/strong><a href=\"http:\/\/www.aktion-demenz.de\/\"><br \/><br \/><\/a><a href=\"http:\/\/www.aktion-demenz.de\/\" target=\"_blank\" rel=\"noopener\">https:\/\/www.aktion-demenz.de<\/a><br \/>Deutschlandweite B\u00fcrgerinitiative, die sich zum Ziel gesetzt hat, gemeinsam f\u00fcr f\u00fcr ein besseres Leben mit Demenz zu werben. \u00dcber eine Verlinkung auf der Startseite werden zahlreiche Projekte zum Thema \"Unterwegs zur demenzfreundlichen Kommune\" vorgestellt.<a href=\"http:\/\/www.alzheimer-forschung.de\/\"><br \/><br \/><\/a><a href=\"http:\/\/www.alzheimer-forschung.de\/\" target=\"_blank\" rel=\"noopener\">https:\/\/www.alzheimer-forschung.de<\/a><br \/>Die Alzheimer Forschung Initiative e.V. (AFI) ist ein gemeinn\u00fctziger Verein, der mit Spendengeldern die Alzheimer-Forschung unterst\u00fctzt und Betroffene sowie die \u00d6ffentlichkeit \u00fcber die Alzheimer-Krankheit aufkl\u00e4rt.<br \/><br \/><a href=\"https:\/\/lsjv.rlp.de\/themen\/sozialraumentwicklung\/landesfachstelle-demenz\/landesfachstelle\" target=\"_blank\" rel=\"noopener\">https:\/\/lsjv.rlp.de\/themen\/sozialraumentwicklung\/landesfachstelle-demenz\/landesfachstelle<\/a><br \/>Internetseite der Landesfachstelle Demenz Rheinland-Pfalz.<br \/><br \/><a href=\"http:\/\/www.demenz-support.de\/\" target=\"_blank\" rel=\"noopener\">https:\/\/www.demenz-support.de<\/a><br \/>Internetseite der Demenz Support Stuttgart gGmbH - Zentrum f\u00fcr Informationstransfer.<br \/><br \/><a href=\"https:\/\/www.deutsche-seniorenliga.de\/\" target=\"_blank\" rel=\"noopener\">https:\/\/www.deutsche-seniorenliga.de\/<\/a><br \/>Internetseite der Deutschen Seniorenliga e.V.<br \/><br \/><a href=\"http:\/\/www.hirnliga.de\/\" target=\"_blank\" rel=\"noopener\">https:\/\/www.hirnliga.de<\/a><br \/>Internetseite der Hirnliga e.V. einer Vereinigung der deutschen Alzheimer-Forscher.<br \/><br \/><a href=\"http:\/\/www.kda.de\/\" target=\"_blank\" rel=\"noopener\">https:\/\/www.kda.de<\/a><br \/>Internetseite des Kuratorium Deutsche Altershilfe.<br \/><br \/><a href=\"http:\/\/www.menschen-pflegen.de\/\" target=\"_blank\" rel=\"noopener\">https:\/\/www.menschen-pflegen.de<\/a><br \/>Internetseite des Gesundheitsministeriums Rheinland-Pfalz.<br \/><br \/><a href=\"http:\/\/www.patientenleitlinien.de\/\" target=\"_blank\" rel=\"noopener\">https:\/\/www.patientenleitlinien.de<\/a><br \/>Internetseite der Universit\u00e4t Witten\/Herdecke mit reichhaltigen Informationen zum Thema Demenz.<br \/><br \/><a href=\"http:\/\/www.wegweiser-demenz.de\/\" target=\"_blank\" rel=\"noopener\">https:\/\/www.wegweiser-demenz.de<\/a><strong><br \/><\/strong>Internetseite des Bundesministeriums f\u00fcr Familie, Senioren, Frauen und Jugend mit zahlreichen Informationen, Weblog, Ratgeberforen und mehr.<br \/><br \/><a href=\"http:\/\/www.lokale-allianzen.de\/\" target=\"_blank\" rel=\"noopener\">https:\/\/www.lokale-allianzen.de<br \/><\/a>Internetseite des Bundesministeriums f\u00fcr Familie, Senioren, Frauen und Jugend zum F\u00f6rderprogramm \"Lokale Allianz f\u00fcr Menschen mit Demenz\" mit Darstellung aller Projekte.<a href=\"http:\/\/www.lokale-allianzen.de\/\"><br \/><br \/><\/a><strong><br \/><span style=\"color: #000080;\">Internetseiten f\u00fcr Kinder und Jugendliche<\/span><\/strong><a href=\"http:\/\/www.afi-kids.de\/\"><br \/><br \/><\/a><a href=\"http:\/\/www.afi-kids.de\/\" target=\"_blank\" rel=\"noopener\">https:\/\/www.afi-kids.de<\/a><br \/>Alfi-Kids ist eine Aufkl\u00e4rungsseite der Alzheimer Forschung Initiative. Die\u00a0im Comic-Stil\u00a0gestaltete\u00a0Seite ist besonders f\u00fcr j\u00fcngere\u00a0Kinder im Alter von 5 bis 10 Jahren geeignet.<a href=\"http:\/\/www.alzheimerandyou.de\/\"><br \/><br \/><\/a><a href=\"http:\/\/alzheimerandyou.de\/\" target=\"_blank\" rel=\"noopener\">https:\/\/alzheimerandyou.de<\/a><br \/>Alzheimer &amp; You ist eine Informationsseite f\u00fcr Jugendliche rund um das Thema Alzheimer. Hier erf\u00e4hrst Du, was es mit der Krankheit auf sich hat, wie sie entsteht und wer sie bekommen kann. Oder Du m\u00f6chtest helfen und Dich ehrenamtlich engagieren. Dann kannst Du bei uns Erfahrungsberichte von aktiven Jugendlichen lesen und erh\u00e4ltst einen kleinen Einblick in deren Aktivit\u00e4ten. Auch, wenn Du im Unterricht einen Vortrag zum Thema Demenz oder Alzheimer halten willst, bist Du bei uns richtig, denn hier erh\u00e4ltst Du viele Informationen zur Krankheit.<br \/><br \/><strong><br \/><span style=\"color: #000080;\">Internetforen f\u00fcr Angeh\u00f6rige<\/span><\/strong><span style=\"color: #000080;\"><a style=\"color: #000080;\" href=\"http:\/\/www.demenz-anders-sehen.de\/\"><br \/><\/a><\/span><br \/><br \/><a href=\"http:\/\/www.pro-pflege-selbsthilfenetzwerk.de\/\" target=\"_blank\" rel=\"noopener\">https:\/\/www.pro-pflege-selbsthilfenetzwerk.de<\/a><br \/>Pro Pflege - Selbsthilfenetzwerk versteht sich als Interessenvertretung f\u00fcr pflegebed\u00fcrftige Menschen bzw. ihrer pflegenden Angeh\u00f6rigen und f\u00fchrt regelm\u00e4\u00dfig Pflegetreffs mit bundesweiter Ausrichtung durch. Zudem gibt es ein Forum zu Pflegerecht und Gesundheitswissen.<br \/><br \/><a href=\"http:\/\/www.elternpflege-forum.de\/\" target=\"_blank\" rel=\"noopener\">https:\/\/www.elternpflege-forum.de<\/a><br \/>Ist ein Angeh\u00f6rigenforum und wird professionell betrieben. Gibt unter anderem Tipps rund um die Pflege, betreibt auch ein User-Caf\u00e9.<br \/><br \/><a href=\"http:\/\/www.alzheimerforum.de\/\" target=\"_blank\" rel=\"noopener\">https:\/\/www.alzheimerforum.de<\/a><br \/>Ein \u00fcberregionales Hilfsangebot der Alzheimer Angeh\u00f6rigen Initiative e.V. Es werden Informationen und Beratung rund um das Thema Alzheimer und Demenz gegeben. Unter anderem gibt es eine Internet-Selbsthilfegruppe. Das Angebot ist ehrenamtlich, unabh\u00e4ngig und nicht kommerziell.<!--more--><!--more--><\/p>\n<\/div>\n<\/div><\/div><\/div>\n<\/section>","protected":false},"excerpt":{"rendered":"<p>Weiterf\u00fchrende Links Demenz-Netzwerke in der Nachbarschafthttps:\/\/www.demenz-rhein-lahn.deInternetseite vom Netzwerk Demenz Rhein-Lahn-Kreis.https:\/\/demenz-koblenz.de\/Internetseite vom Netzwerk Demenz Koblenz.https:\/\/www.demenz-vulkaneifel.de\/Internetseite vom Netzwerk Demenz Vulkaneifel.Alzheimergesellschaftenhttps:\/\/www.alzheimer-europe.orgInternetseite der Alzheimergesellschaft Europa.https:\/\/www.alzheimer-gesellschaft-rhpf.deInternetseite der Alzheimergesellschaft Rheinland-Pfalz e.V.https:\/\/www.alzheimer-n-rlp.deInternetseite der Alzheimergesellschaft n\u00f6rdliches Rheinland-Pfalz e.V.https:\/\/www.deutsche-alzheimer.deInternetseite der Deutschen Alzheimer Gesellschaft e.V.Weitere, interessante Seiten zum Thema Demenzhttps:\/\/www.aktion-demenz.deDeutschlandweite B\u00fcrgerinitiative, die sich zum Ziel gesetzt hat, gemeinsam f\u00fcr f\u00fcr ein besseres Leben mit Demenz [&hellip;]<\/p>\n","protected":false},"author":1,"featured_media":0,"parent":0,"menu_order":0,"comment_status":"closed","ping_status":"closed","template":"","meta":{"_breakdance_hide_in_design_set":false,"_breakdance_tags":"","footnotes":""},"class_list":["post-109","page","type-page","status-publish","hentry"],"_links":{"self":[{"href":"https:\/\/www.demenz-myk.de\/index.php\/wp-json\/wp\/v2\/pages\/109","targetHints":{"allow":["GET"]}}],"collection":[{"href":"https:\/\/www.demenz-myk.de\/index.php\/wp-json\/wp\/v2\/pages"}],"about":[{"href":"https:\/\/www.demenz-myk.de\/index.php\/wp-json\/wp\/v2\/types\/page"}],"author":[{"embeddable":true,"href":"https:\/\/www.demenz-myk.de\/index.php\/wp-json\/wp\/v2\/users\/1"}],"replies":[{"embeddable":true,"href":"https:\/\/www.demenz-myk.de\/index.php\/wp-json\/wp\/v2\/comments?post=109"}],"version-history":[{"count":6,"href":"https:\/\/www.demenz-myk.de\/index.php\/wp-json\/wp\/v2\/pages\/109\/revisions"}],"predecessor-version":[{"id":150,"href":"https:\/\/www.demenz-myk.de\/index.php\/wp-json\/wp\/v2\/pages\/109\/revisions\/150"}],"wp:attachment":[{"href":"https:\/\/www.demenz-myk.de\/index.php\/wp-json\/wp\/v2\/media?parent=109"}],"curies":[{"name":"wp","href":"https:\/\/api.w.org\/{rel}","templated":true}]}}