{"id":16,"date":"2025-01-26T12:23:50","date_gmt":"2025-01-26T11:23:50","guid":{"rendered":"https:\/\/www.demenz-myk.de\/index.php\/contact-us\/"},"modified":"2025-06-25T13:12:18","modified_gmt":"2025-06-25T11:12:18","slug":"contact-us","status":"publish","type":"page","link":"https:\/\/www.demenz-myk.de\/index.php\/contact-us\/","title":{"rendered":"Contact Us"},"content":{"rendered":"<section class=\"bde-section-16-102 bde-section\">\n  \n  \n\t\n\n\n\n<div class=\"section-container\"><h2 class=\"bde-dual-heading-16-103 bde-dual-heading\">\n\n\n            <span data-style=\"primary\" class=\"dual-heading--primary  \">Kontakt<\/span>\n\n\n\n<\/h2><div class=\"bde-text-16-104 bde-text\">\nHaben Sie Fragen oder ben\u00f6tigen Sie Unterst\u00fctzung? Wir sind f\u00fcr Sie da!<br><br>Ansprechpartner:<br>Olaf Spohr<br>Beratungs- und Koordinierungsstelle mit Schwerpunktaufgaben<br>Sprecher Netzwerk Demenz Mayen-Koblenz\n<\/div><div class=\"bde-fancy-divider-16-105 bde-fancy-divider\">\n\n\n<div class=\"bde-fancy-divider__wrapper\">\n  <div class=\"bde-fancy-divider__separator   \">\n  \t  <\/div>\n<\/div>\n\n<\/div><div class=\"bde-columns-16-140 bde-columns\"><div class=\"bde-column-16-141 bde-column\">\n  \n  \n\t\n\n\n\n<img decoding=\"async\" class=\"bde-image2-16-143 bde-image2\" src=\"https:\/\/www.demenz-myk.de\/wp-content\/uploads\/2025\/01\/spohr1.png\" loading=\"lazy\" sizes=\"(max-width: 142px) 100vw, 142px\">\n<\/div><div class=\"bde-column-16-142 bde-column\">\n  \n  \n\t\n\n\n\n<div class=\"bde-div-16-112 bde-div\">\n  \n  \n\t\n\n\n\n<div class=\"bde-icon-16-113 bde-icon\">\n\n    \n            <div class=\"bde-icon-icon breakdance-icon-atom\" >\n    \n                    <svg xmlns=\"http:\/\/www.w3.org\/2000\/svg\" viewBox=\"0 0 512 512\"><!-- Font Awesome Free 5.15.1 by @fontawesome - https:\/\/fontawesome.com License - https:\/\/fontawesome.com\/license\/free (Icons: CC BY 4.0, Fonts: SIL OFL 1.1, Code: MIT License) --><path d=\"M502.3 190.8c3.9-3.1 9.7-.2 9.7 4.7V400c0 26.5-21.5 48-48 48H48c-26.5 0-48-21.5-48-48V195.6c0-5 5.7-7.8 9.7-4.7 22.4 17.4 52.1 39.5 154.1 113.6 21.1 15.4 56.7 47.8 92.2 47.6 35.7.3 72-32.8 92.3-47.6 102-74.1 131.6-96.3 154-113.7zM256 320c23.2.4 56.6-29.2 73.4-41.4 132.7-96.3 142.8-104.7 173.4-128.7 5.8-4.5 9.2-11.5 9.2-18.9v-19c0-26.5-21.5-48-48-48H48C21.5 64 0 85.5 0 112v19c0 7.4 3.4 14.3 9.2 18.9 30.6 23.9 40.7 32.4 173.4 128.7 16.8 12.2 50.2 41.8 73.4 41.4z\"\/><\/svg>\n        \n        \n        \n            <\/div>\n    \n\n\n<\/div><div class=\"bde-div-16-116 bde-div\">\n  \n  \n\t\n\n\n\n<h5 class=\"bde-heading-16-114 bde-heading\">\nE-Mail\n<\/h5><ul class=\"bde-basic-list-16-115 bde-basic-list\">\n  <li  >    \n          beko(at)mayen-koblenz.drk.de\n      <\/li>\n<\/ul>\n<\/div>\n<\/div>\n<\/div><div class=\"bde-column-16-130 bde-column\">\n  \n  \n\t\n\n\n\n<div class=\"bde-icon-16-118 bde-icon\">\n\n    \n            <div class=\"bde-icon-icon breakdance-icon-atom\" >\n    \n                    <svg xmlns=\"http:\/\/www.w3.org\/2000\/svg\" id=\"icon-phone\" viewBox=\"0 0 32 32\">\n<path d=\"M22 20c-2 2-2 4-4 4s-4-2-6-4-4-4-4-6 2-2 4-4-4-8-6-8-6 6-6 6c0 4 4.109 12.109 8 16s12 8 16 8c0 0 6-4 6-6s-6-8-8-6z\"\/>\n<\/svg>\n        \n        \n        \n            <\/div>\n    \n\n\n<\/div><div class=\"bde-div-16-150 bde-div\">\n  \n  \n\t\n\n\n\n<div class=\"bde-div-16-152 bde-div\">\n  \n  \n\t\n\n\n\n<h5 class=\"bde-heading-16-120 bde-heading\">\n<br>Telefon\n<\/h5><ul class=\"bde-basic-list-16-121 bde-basic-list\">\n  <li  >    \n          02652-528359\n      <\/li>\n  <li  >    \n          \n      <\/li>\n<\/ul>\n<\/div>\n<\/div>\n<\/div><div class=\"bde-column-16-144 bde-column\">\n  \n  \n\t\n\n\n\n<div class=\"bde-icon-16-146 bde-icon\">\n\n    \n            <div class=\"bde-icon-icon breakdance-icon-atom\" >\n    \n                    <svg xmlns=\"http:\/\/www.w3.org\/2000\/svg\" id=\"icon-location\" viewBox=\"0 0 32 32\">\n<path d=\"M16 0c-5.523 0-10 4.477-10 10 0 10 10 22 10 22s10-12 10-22c0-5.523-4.477-10-10-10zM16 16c-3.314 0-6-2.686-6-6s2.686-6 6-6 6 2.686 6 6-2.686 6-6 6z\"\/>\n<\/svg>\n        \n        \n        \n            <\/div>\n    \n\n\n<\/div><div class=\"bde-div-16-145 bde-div\">\n  \n  \n\t\n\n\n\n<div class=\"bde-div-16-147 bde-div\">\n  \n  \n\t\n\n\n\n<h5 class=\"bde-heading-16-148 bde-heading\">\n<br>Standort\n<\/h5><ul class=\"bde-basic-list-16-149 bde-basic-list\">\n  <li  >    \n          Brunnenstra\u00dfe 3 56743 Mendig\n      <\/li>\n  <li  >    \n          \n      <\/li>\n<\/ul>\n<\/div>\n<\/div>\n<\/div><\/div><\/div>\n<\/section><section id=\"contact-us\" class=\"bde-section-16-132 bde-section\">\n  \n  \n\t\n\n\n\n<div class=\"section-container\"><h2 class=\"bde-dual-heading-16-135 bde-dual-heading\">\n\n\n            <span data-style=\"primary\" class=\"dual-heading--primary  \">Kontaktformular<\/span>\n\n\n\n<\/h2><div class=\"bde-fancy-divider-16-137 bde-fancy-divider\">\n\n\n<div class=\"bde-fancy-divider__wrapper\">\n  <div class=\"bde-fancy-divider__separator   \">\n  \t  <\/div>\n<\/div>\n\n<\/div><div class=\"bde-div-16-139 bde-div\">\n  \n  \n\t\n\n\n\n<div class=\"bde-form-builder-16-138 bde-form-builder\">\n\n\n<form id=\"contact-form138\" class=\"breakdance-form breakdance-form--vertical has-breakpoints\" data-options=\"{&quot;slug&quot;:&quot;custom&quot;,&quot;name&quot;:&quot;Contact Form&quot;,&quot;ajaxUrl&quot;:&quot;https:\\\/\\\/www.demenz-myk.de\\\/wp-admin\\\/admin-ajax.php&quot;,&quot;clearOnSuccess&quot;:true,&quot;hideOnSuccess&quot;:false,&quot;successMessage&quot;:&quot;Wir haben Ihre Anfrage erhalten!&quot;,&quot;errorMessage&quot;:&quot;Fehler!&quot;,&quot;redirect&quot;:false,&quot;redirectUrl&quot;:&quot;&quot;,&quot;customJavaScript&quot;:&quot;&quot;,&quot;recaptcha&quot;:{&quot;key&quot;:&quot;&quot;,&quot;enabled&quot;:false},&quot;honeypot_enabled&quot;:false,&quot;popupsOnSuccess&quot;:[],&quot;popupsOnError&quot;:[]}\" data-steps=\"0\" >\n  \n  \n  \n<div class=\"breakdance-form-field breakdance-form-field--text\" >\n    \n    \n            <label class=\"breakdance-form-field__label\" for=\"name\">\n            Vorname<span class=\"breakdance-form-field__required\">*<\/span>\n        <\/label>\n    \n    <input\n    class=\"breakdance-form-field__input\"\n    id=\"name\"\n    aria-describedby=\"name\"\n    type=\"text\"\n    name=\"fields[name]\"\n    placeholder=\"Vorname\"\n    value=\"\"\n                \n        \n        \n    required\n    \n    \n>\n\n\n    \n    \n<\/div>\n\n\n<div class=\"breakdance-form-field breakdance-form-field--text\" >\n    \n    \n            <label class=\"breakdance-form-field__label\" for=\"vgkzql\">\n            Nachname\n        <\/label>\n    \n    <input\n    class=\"breakdance-form-field__input\"\n    id=\"vgkzql\"\n    aria-describedby=\"vgkzql\"\n    type=\"text\"\n    name=\"fields[vgkzql]\"\n    placeholder=\"Nachname\"\n    value=\"\"\n                \n        \n        \n    \n    \n    \n>\n\n\n    \n    \n<\/div>\n\n\n<div class=\"breakdance-form-field breakdance-form-field--email\" >\n    \n    \n            <label class=\"breakdance-form-field__label\" for=\"email\">\n            Email Addresse<span class=\"breakdance-form-field__required\">*<\/span>\n        <\/label>\n    \n    <input\n    class=\"breakdance-form-field__input\"\n    id=\"email\"\n    aria-describedby=\"email\"\n    type=\"email\"\n    name=\"fields[email]\"\n    placeholder=\"Email Addresse\"\n    value=\"\"\n                \n        \n        \n    required\n    \n    \n>\n\n\n    \n    \n<\/div>\n\n\n<div class=\"breakdance-form-field breakdance-form-field--tel\" >\n    \n    \n            <label class=\"breakdance-form-field__label\" for=\"yrxivl\">\n            Telefon\n        <\/label>\n    \n    <input\n    class=\"breakdance-form-field__input\"\n    id=\"yrxivl\"\n    aria-describedby=\"yrxivl\"\n    type=\"tel\"\n    name=\"fields[yrxivl]\"\n    placeholder=\"Telefonnummer\"\n    value=\"\"\n                \n        \n        \n    \n    \n    \n>\n\n\n    \n    \n<\/div>\n\n\n<div class=\"breakdance-form-field breakdance-form-field--textarea\" >\n    \n    \n            <label class=\"breakdance-form-field__label\" for=\"message\">\n            Ihre Nachricht<span class=\"breakdance-form-field__required\">*<\/span>\n        <\/label>\n    \n    <textarea\n    class=\"breakdance-form-field__input\"\n    id=\"message\"\n    aria-describedby=\"message\"\n    type=\"textarea\"\n    name=\"fields[message]\"\n        rows=\"4\"\n        placeholder=\"Ihre Nachricht\"\n    required\n    >\n<\/textarea>\n\n\n    \n    \n<\/div>\n\n\n  \n\n<div class=\"breakdance-form-field breakdance-form-footer\">\n    \n    \n                                    \n    \n    \n    \n    \n            \n            <button type=\"submit\" class=\"button-atom button-atom--primary breakdance-form-button breakdance-form-button__submit\"  >\n    \n        <span class=\"button-atom__text\">Nachricht Senden<\/span>\n\n        \n        \n            <\/button>\n    \n    <input type=\"hidden\" name=\"form_id\" value=\"138\">\n    <input type=\"hidden\" name=\"post_id\" value=\"16\">\n<\/div>\n\n  \n<\/form>\n\n\n\n<\/div>\n<\/div><\/div>\n<\/section><section class=\"bde-section-16-133 bde-section\">\n  \n  \n\t\n\n\n\n<div class=\"section-container\"><div class=\"bde-google-map-16-134 bde-google-map\">\n\r\n<iframe width=\"100%\" height=\"100%\" style=\"border:0\" loading=\"lazy\" title=\"Map\" src=\"https:\/\/maps.google.com\/maps?q=Brunnenstra%C3%9Fe+3+56743+Mendig&t=m&z=10&output=embed&iwloc=near\" allowfullscreen><\/iframe>\n\n<\/div><\/div>\n<\/section>","protected":false},"excerpt":{"rendered":"<p>Kontakt Haben Sie Fragen oder ben\u00f6tigen Sie Unterst\u00fctzung? Wir sind f\u00fcr Sie da!Ansprechpartner:Olaf SpohrBeratungs- und Koordinierungsstelle mit SchwerpunktaufgabenSprecher Netzwerk Demenz Mayen-Koblenz E-Mail beko(at)mayen-koblenz.drk.de Telefon 02652-528359 Standort Brunnenstra\u00dfe 3 56743 Mendig Kontaktformular Vorname* Nachname Email Addresse* Telefon Ihre Nachricht* Nachricht Senden<\/p>\n","protected":false},"author":1,"featured_media":0,"parent":0,"menu_order":0,"comment_status":"closed","ping_status":"closed","template":"","meta":{"_breakdance_hide_in_design_set":false,"_breakdance_tags":"","footnotes":""},"class_list":["post-16","page","type-page","status-publish","hentry"],"_links":{"self":[{"href":"https:\/\/www.demenz-myk.de\/index.php\/wp-json\/wp\/v2\/pages\/16","targetHints":{"allow":["GET"]}}],"collection":[{"href":"https:\/\/www.demenz-myk.de\/index.php\/wp-json\/wp\/v2\/pages"}],"about":[{"href":"https:\/\/www.demenz-myk.de\/index.php\/wp-json\/wp\/v2\/types\/page"}],"author":[{"embeddable":true,"href":"https:\/\/www.demenz-myk.de\/index.php\/wp-json\/wp\/v2\/users\/1"}],"replies":[{"embeddable":true,"href":"https:\/\/www.demenz-myk.de\/index.php\/wp-json\/wp\/v2\/comments?post=16"}],"version-history":[{"count":9,"href":"https:\/\/www.demenz-myk.de\/index.php\/wp-json\/wp\/v2\/pages\/16\/revisions"}],"predecessor-version":[{"id":317,"href":"https:\/\/www.demenz-myk.de\/index.php\/wp-json\/wp\/v2\/pages\/16\/revisions\/317"}],"wp:attachment":[{"href":"https:\/\/www.demenz-myk.de\/index.php\/wp-json\/wp\/v2\/media?parent=16"}],"curies":[{"name":"wp","href":"https:\/\/api.w.org\/{rel}","templated":true}]}}