{"id":98,"date":"2025-01-27T10:18:30","date_gmt":"2025-01-27T09:18:30","guid":{"rendered":"https:\/\/www.demenz-myk.de\/?page_id=98"},"modified":"2025-01-27T10:19:34","modified_gmt":"2025-01-27T09:19:34","slug":"impressum-datenschutz","status":"publish","type":"page","link":"https:\/\/www.demenz-myk.de\/index.php\/impressum-datenschutz\/","title":{"rendered":"Impressum \/ Datenschutz"},"content":{"rendered":"<section class=\"bde-section-98-100 bde-section\">\n  \n  \n\t\n\n\n\n<div class=\"section-container\"><h3 class=\"bde-heading-98-102 bde-heading\">\nImpressum\n<\/h3><div class=\"bde-rich-text-98-101 bde-rich-text breakdance-rich-text-styles\">\n<p><strong>Anbieterkennung nach \u00a7 5 Telemediengesetz<br \/><\/strong>DRK-Kreisverband Mayen-Koblenz e.V.<br \/>Westbahnhofstra\u00dfe 7<br \/>56727 Mayen<br \/>Telefon (0 26 51) 70 08-0<br \/>Telefax (0 26 51) 70 08-60<\/p>\n<p>eMail: info(at)mayen-koblenz.DRK.de<\/p>\n<p>Vertretungsberechtigte:<br \/>Der DRK-Kreisverband Mayen-Koblenz e.V. wird gesetzlich vertreten durch den Kreisgesch\u00e4ftsf\u00fchrer Eberhard Steinh\u00e4user (Vorstand gem\u00e4\u00df \u00a7 26 BGB).<\/p>\n<p>Vereinsregister:<br \/>Der DRK-Kreisverband Mayen-Koblenz e.V. ist im Vereinsregister beim Amtsgericht Koblenz unter der Registernummer Vereinregister 12384 eingetragen<br \/>Steuerliche Angaben<\/p>\n<p>K\u00f6rperschaftssteuer: 29.0466 beim Finanzamt Mayen<br \/>Umsatzsteuer: 29\/660\/0248\/2 beim Finanzamt Mayen<br \/><br \/><strong>Redaktion:<\/strong><br \/>Olaf Spohr, Paul Kreutz<br \/><br \/><br \/><strong>Datenschutzerkl\u00e4rung<br \/><br \/><\/strong>Der DRK-Kreisverband Mayen-Koblenz e.V. nimmt den Schutz personenbezogener Daten sehr ernst. Wir m\u00f6chten, dass Sie wissen, wann wir welche Daten speichern und wie wir sie verwenden. Wir haben technische und organisatorische Ma\u00dfnahmen getroffen, die sicherstellen, dass die gesetzlichen Vorschriften \u00fcber den Datenschutz sowohl von uns als auch von externen Dienstleistern beachtet werden. Die Beachtung geltenden Datenschutzrechtes unterliegt einer st\u00e4ndigen \u00dcberpr\u00fcfung durch unseren Datenschutzbeauftragten.<br \/><br \/><strong>Personenbezogene Daten<\/strong><\/p>\n<p>Personenbezogene Daten sind Informationen, die Ihre Person betreffen. Darunter fallen Angaben wie Ihr richtiger Name, Adresse, Postanschrift, Telefonnummer und E-Mail Adresse. Informationen, die nicht direkt mit Ihrer wirklichen Identit\u00e4t in Verbindung gebracht werden k\u00f6nnen (wie zum Beispiel Verweildauer auf der Website oder Anzahl der Nutzer der Website), fallen nicht darunter.<\/p>\n<p>Sie k\u00f6nnen unsere Engagements-Webseiten grunds\u00e4tzlich ohne Offenlegung Ihrer Identit\u00e4t ansehen. Wenn Sie aber eine Spende t\u00e4tigen, Mitglied oder Aktiver werden wollen oder einen Kurstermin nutzen wollen, werden wir Sie nach Ihrem Namen und nach anderen pers\u00f6nlichen Informationen fragen, um die Anfrage bearbeiten zu k\u00f6nnen. Die Nutzung unseres Online-Formulare unterliegt Ihrer freien Entscheidung.<\/p>\n<p>W\u00e4hrend der Nutzung unserer Onlineformulare besteht zwischen Ihrem PC und unserem Provider eine SSL-Verbindung. Anschlie\u00dfend werden Ihre Angaben \u00fcber eine gesicherte Verbindung vom Server geladen.<br \/><br \/><strong>Weitergabe personenbezogener Informationen an Dritte<\/strong><\/p>\n<p>Wir verwenden Ihre personenbezogenen Informationen nur innerhalb des DRK-Kreisverband Mayen-Koblenz e.V. sowie verbundener Unternehmen f\u00fcr Spenderbetreuung und Bankeinzug. Dar\u00fcber hinaus geben wir Ihre Daten generell nicht an Dritte weiter.<\/p>\n<p>Alle Personen, die mit Ihren Daten arbeiten, sind an das BDSG, andere gesetzliche Vorschriften und vertraglich an die Privacy Policy des DRK-Kreisverband Mayen-Koblenz e.V. gebunden. Soweit wir aber gesetzlich oder per Gerichtsbeschluss dazu verpflichtet werden, geben wir Ihre Daten an auskunftsberechtigte Stellen weiter.<br \/><br \/><strong>Technische Standards - Gesicherte \u00dcbertragung<\/strong><\/p>\n<p>Wir verwenden beim Datentransfer das sogenannte SSL-Sicherheitssystem (Secure Socket Layer) in Verbindung mit einer 128-Bit-Verschl\u00fcsselung. Diese Technik bietet h\u00f6chste Sicherheit und wird daher beispielsweise auch von Banken zum Datenschutz beim Online-Banking eingesetzt. An der geschlossenen Darstellung eines Sch\u00fcssel- bzw. Schloss-Symbols in der unteren Statusleiste Ihres Browsers erkennen Sie, dass die Daten verschl\u00fcsselt \u00fcbertragen werden.<\/p>\n<p>Unsere Ma\u00dfnahmen werden bei \u00c4nderungen dem Stand der Technik fortlaufend angepasst. Dennoch weisen wir darauf hin, dass der Datenschutz f\u00fcr \u00dcbertragung von Daten innerhalb der Internets nach dem derzeitigen Stand der Technik nicht umfassend gew\u00e4hrleistet werden kann. Andere User des Internets sind unter Umst\u00e4nden technisch in der Lage, unbefugt in die Netzsicherheit einzugreifen und den Nachrichtenverkehr zu kontrollieren.<\/p>\n<p>Unser Online-Angebot enth\u00e4lt Links zu anderen Websites. Wir haben keinen Einfluss darauf, dass deren Betreiber die Datenschutzbestimmungen einhalten. Auch haben wir keinerlei Einfluss auf die Rechtm\u00e4\u00dfigkeit der Inhalte dieser Websites. Daher weisen wir jegliche Verantwortung f\u00fcr die Inhalte anderer Websites zur\u00fcck.<br \/><br \/><strong>Cookies<\/strong><\/p>\n<p>Diese Website verwendet Cookies. Cookies sind verschl\u00fcsselte Textfolgen, die eine Website auf dem Computer des Benutzers \/ der Benutzerin speichern. Cookies erm\u00f6glichen es diesen Internetauftritt an Ihre Bed\u00fcrfnisse anzupassen. Zus\u00e4tzlich werden Cookies verwendet, um auf dieser Internetseite die Nutzung verschiedener Seiten zu messen.<\/p>\n<p>Die Arten von Cookies werden als \u201eSession-Cookies\u201c und \u201ePersistent-Cookies\u201c bezeichnet. Session-Cookies sind tempor\u00e4r und werden automatisch gel\u00f6scht, sobald Sie den Internetauftritt verlassen. Persistent-Cookies verbleiben auf der Festplatte Ihres Computers bis Sie diese l\u00f6schen. \u201ePersistent-Cookies\u201c werden hier nur eingesetzt, damit Sie nicht bei jedem Besuch erneut die Cookie-Setzung best\u00e4tigen m\u00fcssen.<br \/><br \/><strong>Datenschutz<\/strong><\/p>\n<p>Bei dem Besuch dieser Internetseite werden automatisch Daten erhoben, die Ihr Browser \u00fcbermittelt und in so genannten Server Log Files speichert. Diese Daten k\u00f6nnen keinen bestimmten Personen zugeordnet werden. Eine Zusammenf\u00fchrung dieser Daten mit anderen Datenquellen wird nicht vorgenommen.<\/p>\n<\/div><\/div>\n<\/section>","protected":false},"excerpt":{"rendered":"<p>Impressum Anbieterkennung nach \u00a7 5 TelemediengesetzDRK-Kreisverband Mayen-Koblenz e.V.Westbahnhofstra\u00dfe 756727 MayenTelefon (0 26 51) 70 08-0Telefax (0 26 51) 70 08-60 eMail: info(at)mayen-koblenz.DRK.de Vertretungsberechtigte:Der DRK-Kreisverband Mayen-Koblenz e.V. wird gesetzlich vertreten durch den Kreisgesch\u00e4ftsf\u00fchrer Eberhard Steinh\u00e4user (Vorstand gem\u00e4\u00df \u00a7 26 BGB). Vereinsregister:Der DRK-Kreisverband Mayen-Koblenz e.V. ist im Vereinsregister beim Amtsgericht Koblenz unter der Registernummer Vereinregister 12384 eingetragenSteuerliche [&hellip;]<\/p>\n","protected":false},"author":1,"featured_media":0,"parent":0,"menu_order":0,"comment_status":"closed","ping_status":"closed","template":"","meta":{"_breakdance_hide_in_design_set":false,"_breakdance_tags":"","footnotes":""},"class_list":["post-98","page","type-page","status-publish","hentry"],"_links":{"self":[{"href":"https:\/\/www.demenz-myk.de\/index.php\/wp-json\/wp\/v2\/pages\/98","targetHints":{"allow":["GET"]}}],"collection":[{"href":"https:\/\/www.demenz-myk.de\/index.php\/wp-json\/wp\/v2\/pages"}],"about":[{"href":"https:\/\/www.demenz-myk.de\/index.php\/wp-json\/wp\/v2\/types\/page"}],"author":[{"embeddable":true,"href":"https:\/\/www.demenz-myk.de\/index.php\/wp-json\/wp\/v2\/users\/1"}],"replies":[{"embeddable":true,"href":"https:\/\/www.demenz-myk.de\/index.php\/wp-json\/wp\/v2\/comments?post=98"}],"version-history":[{"count":2,"href":"https:\/\/www.demenz-myk.de\/index.php\/wp-json\/wp\/v2\/pages\/98\/revisions"}],"predecessor-version":[{"id":100,"href":"https:\/\/www.demenz-myk.de\/index.php\/wp-json\/wp\/v2\/pages\/98\/revisions\/100"}],"wp:attachment":[{"href":"https:\/\/www.demenz-myk.de\/index.php\/wp-json\/wp\/v2\/media?parent=98"}],"curies":[{"name":"wp","href":"https:\/\/api.w.org\/{rel}","templated":true}]}}